{"id":238,"date":"2025-11-28T12:01:24","date_gmt":"2025-11-28T12:01:24","guid":{"rendered":"https:\/\/cms2526.commu.isfsc.be\/?page_id=238"},"modified":"2025-12-29T19:26:44","modified_gmt":"2025-12-29T19:26:44","slug":"nos-services","status":"publish","type":"page","link":"https:\/\/cms2526.commu.isfsc.be\/index.php\/nos-services\/","title":{"rendered":"Nos services"},"content":{"rendered":"<p>[et_pb_section fb_built=\u00a0\u00bb1&Prime; _builder_version=\u00a0\u00bb4.27.5&Prime; _module_preset=\u00a0\u00bbdefault\u00a0\u00bb background_color=\u00a0\u00bb#9D2020&Prime; global_colors_info=\u00a0\u00bb{}\u00a0\u00bb][et_pb_row _builder_version=\u00a0\u00bb4.27.4&Prime; _module_preset=\u00a0\u00bbdefault\u00a0\u00bb global_colors_info=\u00a0\u00bb{}\u00a0\u00bb][et_pb_column type=\u00a0\u00bb4_4&Prime; _builder_version=\u00a0\u00bb4.27.4&Prime; _module_preset=\u00a0\u00bbdefault\u00a0\u00bb global_colors_info=\u00a0\u00bb{}\u00a0\u00bb][et_pb_text _builder_version=\u00a0\u00bb4.27.5&Prime; _module_preset=\u00a0\u00bbdefault\u00a0\u00bb text_font=\u00a0\u00bbAlata||||||||\u00a0\u00bb text_text_color=\u00a0\u00bb#FFFFFF\u00a0\u00bb text_font_size=\u00a0\u00bb40px\u00a0\u00bb background_color=\u00a0\u00bb#5E0E17&Prime; hover_enabled=\u00a0\u00bb0&Prime; global_colors_info=\u00a0\u00bb{}\u00a0\u00bb sticky_enabled=\u00a0\u00bb0&Prime;]<\/p>\n<p style=\"text-align: center;\">Nos services<\/p>\n<p>[\/et_pb_text][\/et_pb_column][\/et_pb_row][et_pb_row _builder_version=\u00a0\u00bb4.27.4&Prime; _module_preset=\u00a0\u00bbdefault\u00a0\u00bb global_colors_info=\u00a0\u00bb{}\u00a0\u00bb][et_pb_column type=\u00a0\u00bb4_4&Prime; _builder_version=\u00a0\u00bb4.27.4&Prime; _module_preset=\u00a0\u00bbdefault\u00a0\u00bb global_colors_info=\u00a0\u00bb{}\u00a0\u00bb][et_pb_text _builder_version=\u00a0\u00bb4.27.5&Prime; _module_preset=\u00a0\u00bbdefault\u00a0\u00bb text_font=\u00a0\u00bbArial||||||||\u00a0\u00bb text_text_color=\u00a0\u00bb#FFFFFF\u00a0\u00bb text_font_size=\u00a0\u00bb40px\u00a0\u00bb background_color=\u00a0\u00bb#9D2020&Prime; min_height=\u00a0\u00bb49.8px\u00a0\u00bb global_colors_info=\u00a0\u00bb{}\u00a0\u00bb][\/et_pb_text][\/et_pb_column][\/et_pb_row][et_pb_row _builder_version=\u00a0\u00bb4.27.4&Prime; _module_preset=\u00a0\u00bbdefault\u00a0\u00bb min_height=\u00a0\u00bb208.4px\u00a0\u00bb global_colors_info=\u00a0\u00bb{}\u00a0\u00bb][et_pb_column type=\u00a0\u00bb4_4&Prime; _builder_version=\u00a0\u00bb4.27.4&Prime; _module_preset=\u00a0\u00bbdefault\u00a0\u00bb global_colors_info=\u00a0\u00bb{}\u00a0\u00bb][et_pb_text _builder_version=\u00a0\u00bb4.27.5&Prime; _module_preset=\u00a0\u00bbdefault\u00a0\u00bb text_font=\u00a0\u00bbAlata||||||||\u00a0\u00bb background_color=\u00a0\u00bb#5E0E17&Prime; custom_padding=\u00a0\u00bb3px|||||\u00a0\u00bb global_colors_info=\u00a0\u00bb{}\u00a0\u00bb]<\/p>\n<h5 style=\"text-align: center;\"><span style=\"font-family: Arial; color: #ffffff;\">Chez <strong>COM 2 US<\/strong>, <\/span><span style=\"font-family: Arial; color: #ffffff;\"><br \/>on ne g\u00e8re pas votre communication: on la rend impossible \u00e0 ignorer.<br \/><\/span><span style=\"font-family: Arial; color: #ffffff;\">Peu importe d&rsquo;o\u00f9 vous partez: Nous faisons briller ce qui existe d\u00e9j\u00e0 et r\u00e9v\u00e9lons ce qui m\u00e9rite encore d&rsquo;\u00eatre vu.<\/span><\/h5>\n<p>[\/et_pb_text][\/et_pb_column][\/et_pb_row][et_pb_row _builder_version=\u00a0\u00bb4.27.4&Prime; _module_preset=\u00a0\u00bbdefault\u00a0\u00bb min_height=\u00a0\u00bb142.3px\u00a0\u00bb custom_margin=\u00a0\u00bb|auto|-97px|auto||\u00a0\u00bb global_colors_info=\u00a0\u00bb{}\u00a0\u00bb][et_pb_column type=\u00a0\u00bb4_4&Prime; _builder_version=\u00a0\u00bb4.27.4&Prime; _module_preset=\u00a0\u00bbdefault\u00a0\u00bb global_colors_info=\u00a0\u00bb{}\u00a0\u00bb][et_pb_text _builder_version=\u00a0\u00bb4.27.4&Prime; _module_preset=\u00a0\u00bbdefault\u00a0\u00bb text_font=\u00a0\u00bbArial||||||||\u00a0\u00bb background_color=\u00a0\u00bb#5E0E17&Prime; min_height=\u00a0\u00bb66px\u00a0\u00bb custom_margin=\u00a0\u00bb||-56px|||\u00a0\u00bb inline_fonts=\u00a0\u00bbAbhaya Libre,Alata\u00a0\u00bb global_colors_info=\u00a0\u00bb{}\u00a0\u00bb]<\/p>\n<h1 style=\"text-align: center;\"><span style=\"font-family: Alata; color: #ffb7b7;\">Votre identit\u00e9:<\/span><\/h1>\n<h4 style=\"text-align: center;\"><span style=\"color: #ffffff;\"><span style=\"font-family: 'Abhaya Libre'; font-weight: normal;\"> \u00ab\u00a0ON<\/span><span style=\"font-family: 'Abhaya Libre'; font-weight: normal;\"> CONSTRUIT CE QUE LES AUTRES REMARQUENT\u00a0\u00bb<\/span><\/span><\/h4>\n<p><span style=\"color: #ffffff;\"><span style=\"font-family: 'Abhaya Libre'; font-weight: normal;\"><\/span><\/span><\/p>\n<p><span style=\"color: #ffffff;\"><span style=\"font-family: 'Abhaya Libre'; font-weight: normal;\"><\/span><\/span><\/p>\n<p><span style=\"color: #ffffff;\"><span style=\"font-family: 'Abhaya Libre'; font-weight: normal;\"><\/span><\/span><\/p>\n<p><span style=\"color: #ffffff;\"><span style=\"font-family: 'Abhaya Libre'; font-weight: normal;\"><\/span><\/span><\/p>\n<p><span style=\"color: #ffffff;\"><span style=\"font-family: 'Abhaya Libre'; font-weight: normal;\"><\/span><\/span><\/p>\n<pre><\/pre>\n<p>[\/et_pb_text][\/et_pb_column][\/et_pb_row][et_pb_row column_structure=\u00a0\u00bb1_2,1_2&Prime; _builder_version=\u00a0\u00bb4.27.4&Prime; _module_preset=\u00a0\u00bbdefault\u00a0\u00bb min_height=\u00a0\u00bb488px\u00a0\u00bb global_colors_info=\u00a0\u00bb{}\u00a0\u00bb][et_pb_column type=\u00a0\u00bb1_2&Prime; _builder_version=\u00a0\u00bb4.27.4&Prime; _module_preset=\u00a0\u00bbdefault\u00a0\u00bb global_colors_info=\u00a0\u00bb{}\u00a0\u00bb][et_pb_text _builder_version=\u00a0\u00bb4.27.5&Prime; _module_preset=\u00a0\u00bbdefault\u00a0\u00bb text_font=\u00a0\u00bbArial||||||||\u00a0\u00bb text_text_color=\u00a0\u00bb#FFFFFF\u00a0\u00bb background_color=\u00a0\u00bb#5E0E17&Prime; global_colors_info=\u00a0\u00bb{}\u00a0\u00bb]<\/p>\n<p style=\"text-align: right;\">Votre identit\u00e9, c\u2019est ce qui transforme vos valeurs en une image unique.<\/p>\n<p style=\"text-align: right;\">Nous capturons l\u2019essence de votre projet pour la traduire en une identit\u00e9 visuelle coh\u00e9rente, impactante et imm\u00e9diatement reconnaissable.<\/p>\n<p style=\"text-align: right;\">Que vous d\u00e9butiez un nouveau chapitre ou souhaitiez r\u00e9v\u00e9ler tout le potentiel d\u2019une identit\u00e9 d\u00e9j\u00e0 existante, nous vous accompagnons \u00e0 chaque \u00e9tape pour faire vivre votre marque comme elle le m\u00e9rite.<\/p>\n<p>[\/et_pb_text][\/et_pb_column][et_pb_column type=\u00a0\u00bb1_2&Prime; _builder_version=\u00a0\u00bb4.27.4&Prime; _module_preset=\u00a0\u00bbdefault\u00a0\u00bb global_colors_info=\u00a0\u00bb{}\u00a0\u00bb][et_pb_image src=\u00a0\u00bbhttps:\/\/cms2526.commu.isfsc.be\/wp-content\/uploads\/2025\/12\/FIONA-DEPLIANT-COCHE_pages-to-jpg-0002.jpg\u00a0\u00bb title_text=\u00a0\u00bbFIONA DEPLIANT COCHE_pages-to-jpg-0002&Prime; _builder_version=\u00a0\u00bb4.27.5&Prime; _module_preset=\u00a0\u00bbdefault\u00a0\u00bb custom_padding=\u00a0\u00bb|39px||40px||\u00a0\u00bb global_colors_info=\u00a0\u00bb{}\u00a0\u00bb][\/et_pb_image][\/et_pb_column][\/et_pb_row][et_pb_row _builder_version=\u00a0\u00bb4.27.4&Prime; _module_preset=\u00a0\u00bbdefault\u00a0\u00bb min_height=\u00a0\u00bb142.3px\u00a0\u00bb custom_padding=\u00a0\u00bb16px||0px|||\u00a0\u00bb global_colors_info=\u00a0\u00bb{}\u00a0\u00bb][et_pb_column type=\u00a0\u00bb4_4&Prime; _builder_version=\u00a0\u00bb4.27.4&Prime; _module_preset=\u00a0\u00bbdefault\u00a0\u00bb global_colors_info=\u00a0\u00bb{}\u00a0\u00bb][et_pb_text _builder_version=\u00a0\u00bb4.27.4&Prime; _module_preset=\u00a0\u00bbdefault\u00a0\u00bb text_font=\u00a0\u00bbArial||||||||\u00a0\u00bb text_text_color=\u00a0\u00bb#ffb7b7&Prime; background_color=\u00a0\u00bb#5E0E17&Prime; min_height=\u00a0\u00bb39px\u00a0\u00bb custom_margin=\u00a0\u00bb||-56px|||\u00a0\u00bb custom_padding=\u00a0\u00bb0px||0px|||\u00a0\u00bb inline_fonts=\u00a0\u00bbAbhaya Libre,Alata\u00a0\u00bb global_colors_info=\u00a0\u00bb{}\u00a0\u00bb]<\/p>\n<h1 style=\"text-align: center;\"><span style=\"font-family: Alata; color: #ffb7b7;\">Vos r\u00e9seaux sociaux:<\/span><\/h1>\n<h4 style=\"text-align: center;\"><span style=\"color: #ffffbb;\"><span style=\"font-family: 'Abhaya Libre'; font-weight: normal;\">\u00a0 <span style=\"color: #ffffff;\">\u00ab\u00a0STOP AU SCROLL\u00a0\u00bb<\/span><\/span><\/span><\/h4>\n<p><span style=\"color: #ffffff;\"><span style=\"font-family: 'Abhaya Libre'; font-weight: normal;\"><\/span><\/span><\/p>\n<p><span style=\"color: #ffffff;\"><span style=\"font-family: 'Abhaya Libre'; font-weight: normal;\"><\/span><\/span><\/p>\n<p><span style=\"color: #ffffff;\"><span style=\"font-family: 'Abhaya Libre'; font-weight: normal;\"><\/span><\/span><\/p>\n<p><span style=\"color: #ffffff;\"><span style=\"font-family: 'Abhaya Libre'; font-weight: normal;\"><\/span><\/span><\/p>\n<p><span style=\"color: #ffffff;\"><span style=\"font-family: 'Abhaya Libre'; font-weight: normal;\"><\/span><\/span><\/p>\n<pre><\/pre>\n<p>[\/et_pb_text][\/et_pb_column][\/et_pb_row][et_pb_row column_structure=\u00a0\u00bb1_2,1_2&Prime; _builder_version=\u00a0\u00bb4.27.4&Prime; _module_preset=\u00a0\u00bbdefault\u00a0\u00bb min_height=\u00a0\u00bb403.8px\u00a0\u00bb custom_padding=\u00a0\u00bb|||61px||\u00a0\u00bb global_colors_info=\u00a0\u00bb{}\u00a0\u00bb][et_pb_column type=\u00a0\u00bb1_2&Prime; _builder_version=\u00a0\u00bb4.27.4&Prime; _module_preset=\u00a0\u00bbdefault\u00a0\u00bb global_colors_info=\u00a0\u00bb{}\u00a0\u00bb][et_pb_image src=\u00a0\u00bbhttps:\/\/cms2526.commu.isfsc.be\/wp-content\/uploads\/2025\/12\/IMG_9016-scaled.jpeg\u00a0\u00bb title_text=\u00a0\u00bbIMG_9016&Prime; _builder_version=\u00a0\u00bb4.27.4&Prime; _module_preset=\u00a0\u00bbdefault\u00a0\u00bb custom_padding=\u00a0\u00bb|82px||40px||\u00a0\u00bb global_colors_info=\u00a0\u00bb{}\u00a0\u00bb][\/et_pb_image][\/et_pb_column][et_pb_column type=\u00a0\u00bb1_2&Prime; _builder_version=\u00a0\u00bb4.27.4&Prime; _module_preset=\u00a0\u00bbdefault\u00a0\u00bb global_colors_info=\u00a0\u00bb{}\u00a0\u00bb][et_pb_text _builder_version=\u00a0\u00bb4.27.5&Prime; _module_preset=\u00a0\u00bbdefault\u00a0\u00bb text_text_color=\u00a0\u00bb#FFFFFF\u00a0\u00bb background_color=\u00a0\u00bb#5E0E17&Prime; min_height=\u00a0\u00bb121.2px\u00a0\u00bb global_colors_info=\u00a0\u00bb{}\u00a0\u00bb]<\/p>\n<p style=\"text-align: left;\">Laissez-nous prendre le relais.<\/p>\n<p style=\"text-align: left;\">On cr\u00e9e, on \u00e9crit, on programme mois apr\u00e8s mois pour que vos r\u00e9seaux restent align\u00e9s avec votre image.<br data-start=\"749\" data-end=\"752\" \/>Vous vous concentrez sur votre activit\u00e9, on se charge du reste.<\/p>\n<p>[\/et_pb_text][\/et_pb_column][\/et_pb_row][et_pb_row _builder_version=\u00a0\u00bb4.27.4&Prime; _module_preset=\u00a0\u00bbdefault\u00a0\u00bb min_height=\u00a0\u00bb42px\u00a0\u00bb custom_padding=\u00a0\u00bb8px|||||\u00a0\u00bb global_colors_info=\u00a0\u00bb{}\u00a0\u00bb][et_pb_column type=\u00a0\u00bb4_4&Prime; _builder_version=\u00a0\u00bb4.27.4&Prime; _module_preset=\u00a0\u00bbdefault\u00a0\u00bb global_colors_info=\u00a0\u00bb{}\u00a0\u00bb][et_pb_text _builder_version=\u00a0\u00bb4.27.4&Prime; _module_preset=\u00a0\u00bbdefault\u00a0\u00bb text_font=\u00a0\u00bbArial||||||||\u00a0\u00bb text_text_color=\u00a0\u00bb#ffb7b7&Prime; background_color=\u00a0\u00bb#5E0E17&Prime; custom_padding=\u00a0\u00bb||0px|||\u00a0\u00bb inline_fonts=\u00a0\u00bbAbhaya Libre,Alata\u00a0\u00bb global_colors_info=\u00a0\u00bb{}\u00a0\u00bb text_text_color__hover_enabled=\u00a0\u00bbon|desktop\u00a0\u00bb text_text_color__hover=\u00a0\u00bb#ffb7b7&Prime;]<\/p>\n<h1 style=\"text-align: center;\"><span style=\"font-family: Alata; font-weight: normal; color: #ffb7b7;\">Vos supports visuels :<\/span><\/h1>\n<h4 style=\"text-align: center;\"><span style=\"font-family: 'Abhaya Libre'; font-weight: normal; color: #ffb7b7;\">\u00a0 <span style=\"color: #ffffff;\">\u00ab\u00a0L<strong><span class=\"gs_tkn show\">\u00c0<\/span><\/strong> O<span>\u00d9<\/span> L&rsquo;OEIL S&rsquo;ARR<span>\u00ca<\/span>TE\u00a0\u00bb<\/span><\/span><\/h4>\n<p>[\/et_pb_text][\/et_pb_column][\/et_pb_row][et_pb_row column_structure=\u00a0\u00bb1_2,1_2&Prime; _builder_version=\u00a0\u00bb4.27.4&Prime; _module_preset=\u00a0\u00bbdefault\u00a0\u00bb min_height=\u00a0\u00bb356.5px\u00a0\u00bb custom_padding=\u00a0\u00bb1px|||||\u00a0\u00bb global_colors_info=\u00a0\u00bb{}\u00a0\u00bb][et_pb_column type=\u00a0\u00bb1_2&Prime; _builder_version=\u00a0\u00bb4.27.4&Prime; _module_preset=\u00a0\u00bbdefault\u00a0\u00bb global_colors_info=\u00a0\u00bb{}\u00a0\u00bb][et_pb_text _builder_version=\u00a0\u00bb4.27.5&Prime; _module_preset=\u00a0\u00bbdefault\u00a0\u00bb text_font=\u00a0\u00bbArial||||||||\u00a0\u00bb text_text_color=\u00a0\u00bb#FFFFFF\u00a0\u00bb background_color=\u00a0\u00bb#5E0E17&Prime; global_colors_info=\u00a0\u00bb{}\u00a0\u00bb]<\/p>\n<p style=\"text-align: right;\">\n<p style=\"text-align: right;\">Nous cr\u00e9ons vos supports visuels : Affiches,flyers,goodies&#8230;<\/p>\n<p style=\"text-align: right;\">qui attirent le regard et prologent votre identit\u00e9 dans le r\u00e9el.<\/p>\n<p>[\/et_pb_text][\/et_pb_column][et_pb_column type=\u00a0\u00bb1_2&Prime; _builder_version=\u00a0\u00bb4.27.4&Prime; _module_preset=\u00a0\u00bbdefault\u00a0\u00bb global_colors_info=\u00a0\u00bb{}\u00a0\u00bb][et_pb_image src=\u00a0\u00bbhttps:\/\/cms2526.commu.isfsc.be\/wp-content\/uploads\/2025\/12\/IMG_9296.jpg\u00a0\u00bb title_text=\u00a0\u00bbIMG_9296&Prime; _builder_version=\u00a0\u00bb4.27.5&Prime; _module_preset=\u00a0\u00bbdefault\u00a0\u00bb width=\u00a0\u00bb82%\u00a0\u00bb global_colors_info=\u00a0\u00bb{}\u00a0\u00bb][\/et_pb_image][\/et_pb_column][\/et_pb_row][et_pb_row _builder_version=\u00a0\u00bb4.27.5&Prime; _module_preset=\u00a0\u00bbdefault\u00a0\u00bb global_colors_info=\u00a0\u00bb{}\u00a0\u00bb][et_pb_column type=\u00a0\u00bb4_4&Prime; _builder_version=\u00a0\u00bb4.27.4&Prime; _module_preset=\u00a0\u00bbdefault\u00a0\u00bb global_colors_info=\u00a0\u00bb{}\u00a0\u00bb][et_pb_text _builder_version=\u00a0\u00bb4.27.4&Prime; _module_preset=\u00a0\u00bbdefault\u00a0\u00bb text_font=\u00a0\u00bbArial||||||||\u00a0\u00bb text_text_color=\u00a0\u00bb#ffb7b7&Prime; background_color=\u00a0\u00bb#5E0E17&Prime; custom_padding=\u00a0\u00bb||0px|||\u00a0\u00bb inline_fonts=\u00a0\u00bbAbhaya Libre,Alata\u00a0\u00bb global_colors_info=\u00a0\u00bb{}\u00a0\u00bb]<\/p>\n<h1 style=\"text-align: center;\"><span style=\"font-family: Alata; font-weight: normal; color: #ffb7b7;\">Cr\u00e9ation de contenu :<\/span><\/h1>\n<h4 style=\"text-align: center;\"><span style=\"font-family: 'Abhaya Libre'; font-weight: normal; color: #ffb7b7;\">\u00a0 <span style=\"color: #ffffff;\">\u00ab\u00a0<\/span><\/span><span style=\"font-size: 18px; font-family: 'Abhaya Libre'; color: #ffb7b7;\"><span style=\"color: #ffffff;\">O\u00d9 <\/span><\/span><span style=\"font-size: 18px; font-family: 'Abhaya Libre'; color: #ffb7b7;\"><span style=\"color: #ffffff;\">L&rsquo;ATTENTION SE FIXE\u00a0\u00bb<\/span><\/span><\/h4>\n<p>[\/et_pb_text][\/et_pb_column][\/et_pb_row][et_pb_row column_structure=\u00a0\u00bb1_2,1_2&Prime; _builder_version=\u00a0\u00bb4.27.4&Prime; _module_preset=\u00a0\u00bbdefault\u00a0\u00bb global_colors_info=\u00a0\u00bb{}\u00a0\u00bb][et_pb_column type=\u00a0\u00bb1_2&Prime; _builder_version=\u00a0\u00bb4.27.4&Prime; _module_preset=\u00a0\u00bbdefault\u00a0\u00bb global_colors_info=\u00a0\u00bb{}\u00a0\u00bb][et_pb_image src=\u00a0\u00bbhttps:\/\/cms2526.commu.isfsc.be\/wp-content\/uploads\/2025\/12\/IMG_9290_compressed-2-scaled.jpg\u00a0\u00bb title_text=\u00a0\u00bbIMG_9290_compressed 2&Prime; _builder_version=\u00a0\u00bb4.27.5&Prime; _module_preset=\u00a0\u00bbdefault\u00a0\u00bb custom_margin=\u00a0\u00bb|80px||||\u00a0\u00bb custom_padding=\u00a0\u00bb|||40px||\u00a0\u00bb global_colors_info=\u00a0\u00bb{}\u00a0\u00bb][\/et_pb_image][\/et_pb_column][et_pb_column type=\u00a0\u00bb1_2&Prime; _builder_version=\u00a0\u00bb4.27.4&Prime; _module_preset=\u00a0\u00bbdefault\u00a0\u00bb global_colors_info=\u00a0\u00bb{}\u00a0\u00bb][et_pb_text _builder_version=\u00a0\u00bb4.27.5&Prime; _module_preset=\u00a0\u00bbdefault\u00a0\u00bb text_font=\u00a0\u00bbArial||||||||\u00a0\u00bb text_text_color=\u00a0\u00bb#FFFFFF\u00a0\u00bb background_color=\u00a0\u00bb#5E0E17&Prime; global_colors_info=\u00a0\u00bb{}\u00a0\u00bb]<\/p>\n<p data-start=\"290\" data-end=\"546\" style=\"text-align: left;\">On vous aide \u00e0 cr\u00e9er des contenus qui r\u00e9v\u00e8lent votre marque, vous diff\u00e9rencient et vous gardent toujours au niveau des tendances.<\/p>\n<p data-start=\"290\" data-end=\"546\" style=\"text-align: left;\">Photos, vid\u00e9os, storytelling : chaque cr\u00e9ation est pens\u00e9e pour capter, porter votre message et incarner votre univers.<\/p>\n<p data-start=\"290\" data-end=\"546\" style=\"text-align: left;\">Notre \u00a0objectif : produire des contenus qui marquent et qui attirent l\u2019attention l\u00e0 o\u00f9 elle choisit de se fixer.<\/p>\n<p>[\/et_pb_text][\/et_pb_column][\/et_pb_row][\/et_pb_section]<\/p>\n","protected":false},"excerpt":{"rendered":"<p>Nos servicesChez COM 2 US, on ne g\u00e8re pas votre communication: on la rend impossible \u00e0 ignorer.Peu importe d&rsquo;o\u00f9 vous partez: Nous faisons briller ce qui existe d\u00e9j\u00e0 et r\u00e9v\u00e9lons ce qui m\u00e9rite encore d&rsquo;\u00eatre vu.Votre identit\u00e9: \u00ab\u00a0ON CONSTRUIT CE QUE LES AUTRES REMARQUENT\u00a0\u00bb Votre identit\u00e9, c\u2019est ce qui transforme vos valeurs en une image [&hellip;]<\/p>\n","protected":false},"author":2,"featured_media":0,"parent":0,"menu_order":0,"comment_status":"closed","ping_status":"closed","template":"","meta":{"_et_pb_use_builder":"on","_et_pb_old_content":"","_et_gb_content_width":"","footnotes":""},"class_list":["post-238","page","type-page","status-publish","hentry"],"_links":{"self":[{"href":"https:\/\/cms2526.commu.isfsc.be\/index.php\/wp-json\/wp\/v2\/pages\/238","targetHints":{"allow":["GET"]}}],"collection":[{"href":"https:\/\/cms2526.commu.isfsc.be\/index.php\/wp-json\/wp\/v2\/pages"}],"about":[{"href":"https:\/\/cms2526.commu.isfsc.be\/index.php\/wp-json\/wp\/v2\/types\/page"}],"author":[{"embeddable":true,"href":"https:\/\/cms2526.commu.isfsc.be\/index.php\/wp-json\/wp\/v2\/users\/2"}],"replies":[{"embeddable":true,"href":"https:\/\/cms2526.commu.isfsc.be\/index.php\/wp-json\/wp\/v2\/comments?post=238"}],"version-history":[{"count":24,"href":"https:\/\/cms2526.commu.isfsc.be\/index.php\/wp-json\/wp\/v2\/pages\/238\/revisions"}],"predecessor-version":[{"id":524,"href":"https:\/\/cms2526.commu.isfsc.be\/index.php\/wp-json\/wp\/v2\/pages\/238\/revisions\/524"}],"wp:attachment":[{"href":"https:\/\/cms2526.commu.isfsc.be\/index.php\/wp-json\/wp\/v2\/media?parent=238"}],"curies":[{"name":"wp","href":"https:\/\/api.w.org\/{rel}","templated":true}]}}